{"id":463,"date":"2016-03-16T16:18:44","date_gmt":"2016-03-16T16:18:44","guid":{"rendered":"http:\/\/www.autosoft.eu\/webshop\/product\/autocommerce-premium-2\/"},"modified":"2018-07-30T15:07:23","modified_gmt":"2018-07-30T13:07:23","slug":"autocommerce-premium-2","status":"publish","type":"product","link":"https:\/\/www.autosoft.eu\/webshop\/product\/autocommerce-premium-2\/","title":{"rendered":"AutoCommerce Premium"},"content":{"rendered":"<p>Het toonaangevende Occasionbeheerprogramma met optimaal gebruiksgemak!<br \/>\nMet AutoCommerce houdt u grip op uw voorraad en het is de basis voor uw verkoopsucces.<\/p>\n<p><strong>U voert uw voertuigen slechts \u00e9\u00e9n keer in in AutoCommerce en de rest gaat vanzelf.<\/strong><\/p>\n<ul>\n<li>Uw voertuigvoorraad compleet en overzichtelijk ge\u00efntegreerd in uw website;<\/li>\n<li>Uw voertuigen slechts \u00e9\u00e9n keer invoeren, waarna Autosoft de plaatsing verzorgt op alle voor u interessante occasionportals. U kunt per voertuig zelf kiezen op welke portals u wilt adverteren;<\/li>\n<li>Eenvoudig adverteren op Marktplaats via AutoCommerce. U kunt uw advertentie zelfs dagelijks of wekelijks automatisch \u2018omhoog laten plaatsen\u2019.<\/li>\n<\/ul>\n","protected":false},"excerpt":{"rendered":"<p>Het toonaangevende Occasionbeheerprogramma met optimaal gebruiksgemak! Met AutoCommerce houdt u grip op uw voorraad en het is de basis voor uw verkoopsucces. U voert uw voertuigen slechts \u00e9\u00e9n keer in in AutoCommerce en de rest gaat vanzelf. Uw voertuigvoorraad compleet en overzichtelijk ge\u00efntegreerd in uw website; Uw voertuigen slechts \u00e9\u00e9n keer invoeren, waarna Autosoft de [&hellip;]<\/p>\n","protected":false},"featured_media":575,"comment_status":"closed","ping_status":"closed","template":"","meta":[],"product_brand":[],"product_cat":[11],"product_tag":[8,9,10],"class_list":{"0":"post-463","1":"product","2":"type-product","3":"status-publish","4":"has-post-thumbnail","6":"product_cat-occasionbeheer","7":"product_tag-autocommerce","8":"product_tag-occasionbeheer","9":"product_tag-voorraad","10":"pa_betaling-aankoop","11":"pa_betaling-lease-36","12":"pa_maandbedrag-e11995-op-basis-van-minimaal-36-maand-contract","13":"pa_maandbedrag-e-12995-op-basis-van-aankoop","15":"first","16":"instock","17":"shipping-taxable","18":"purchasable","19":"product-type-variable"},"_links":{"self":[{"href":"https:\/\/www.autosoft.eu\/webshop\/wp-json\/wp\/v2\/product\/463","targetHints":{"allow":["GET"]}}],"collection":[{"href":"https:\/\/www.autosoft.eu\/webshop\/wp-json\/wp\/v2\/product"}],"about":[{"href":"https:\/\/www.autosoft.eu\/webshop\/wp-json\/wp\/v2\/types\/product"}],"replies":[{"embeddable":true,"href":"https:\/\/www.autosoft.eu\/webshop\/wp-json\/wp\/v2\/comments?post=463"}],"wp:featuredmedia":[{"embeddable":true,"href":"https:\/\/www.autosoft.eu\/webshop\/wp-json\/wp\/v2\/media\/575"}],"wp:attachment":[{"href":"https:\/\/www.autosoft.eu\/webshop\/wp-json\/wp\/v2\/media?parent=463"}],"wp:term":[{"taxonomy":"product_brand","embeddable":true,"href":"https:\/\/www.autosoft.eu\/webshop\/wp-json\/wp\/v2\/product_brand?post=463"},{"taxonomy":"product_cat","embeddable":true,"href":"https:\/\/www.autosoft.eu\/webshop\/wp-json\/wp\/v2\/product_cat?post=463"},{"taxonomy":"product_tag","embeddable":true,"href":"https:\/\/www.autosoft.eu\/webshop\/wp-json\/wp\/v2\/product_tag?post=463"}],"curies":[{"name":"wp","href":"https:\/\/api.w.org\/{rel}","templated":true}]}}